{"id":13,"date":"2024-08-24T23:26:20","date_gmt":"2024-08-24T23:26:20","guid":{"rendered":"https:\/\/ipsjmb.com\/?page_id=13"},"modified":"2024-10-03T22:40:40","modified_gmt":"2024-10-03T22:40:40","slug":"nosotros","status":"publish","type":"page","link":"https:\/\/ipsjmb.com\/?page_id=13","title":{"rendered":"Nosotros"},"content":{"rendered":"\t\t<div data-elementor-type=\"wp-page\" data-elementor-id=\"13\" class=\"elementor elementor-13\">\n\t\t\t\t\t\t<section class=\"elementor-section elementor-top-section elementor-element elementor-element-426a086 elementor-section-full_width elementor-section-height-min-height elementor-section-items-top elementor-section-height-default\" data-id=\"426a086\" data-element_type=\"section\" data-e-type=\"section\" data-settings=\"{&quot;background_background&quot;:&quot;classic&quot;}\">\n\t\t\t\t\t\t\t<div class=\"elementor-background-overlay\"><\/div>\n\t\t\t\t\t\t\t<div class=\"elementor-container elementor-column-gap-default\">\n\t\t\t\t\t<div class=\"elementor-column elementor-col-100 elementor-top-column elementor-element elementor-element-2ac809c\" data-id=\"2ac809c\" data-element_type=\"column\" data-e-type=\"column\">\n\t\t\t<div class=\"elementor-widget-wrap\">\n\t\t\t\t\t\t\t<\/div>\n\t\t<\/div>\n\t\t\t\t\t<\/div>\n\t\t<\/section>\n\t\t\t\t<section class=\"elementor-section elementor-top-section elementor-element elementor-element-61b0c63 elementor-section-boxed elementor-section-height-default elementor-section-height-default\" data-id=\"61b0c63\" data-element_type=\"section\" data-e-type=\"section\">\n\t\t\t\t\t\t<div class=\"elementor-container elementor-column-gap-default\">\n\t\t\t\t\t<div class=\"elementor-column elementor-col-100 elementor-top-column elementor-element elementor-element-aa09df8\" data-id=\"aa09df8\" data-element_type=\"column\" data-e-type=\"column\">\n\t\t\t<div class=\"elementor-widget-wrap elementor-element-populated\">\n\t\t\t\t\t\t<div class=\"elementor-element elementor-element-7af31d8 elementor-widget elementor-widget-image\" data-id=\"7af31d8\" data-element_type=\"widget\" data-e-type=\"widget\" data-widget_type=\"image.default\">\n\t\t\t\t<div class=\"elementor-widget-container\">\n\t\t\t\t\t\t\t\t\t\t\t\t\t\t\t<img decoding=\"async\" width=\"261\" height=\"178\" src=\"https:\/\/ipsjmb.com\/wp-content\/uploads\/2024\/09\/LogoCuadro.png\" class=\"attachment-large size-large wp-image-124\" alt=\"\" \/>\t\t\t\t\t\t\t\t\t\t\t\t\t\t\t<\/div>\n\t\t\t\t<\/div>\n\t\t\t\t\t<\/div>\n\t\t<\/div>\n\t\t\t\t\t<\/div>\n\t\t<\/section>\n\t\t\t\t<section class=\"elementor-section elementor-top-section elementor-element elementor-element-10ba298 elementor-section-boxed elementor-section-height-default elementor-section-height-default\" data-id=\"10ba298\" data-element_type=\"section\" data-e-type=\"section\">\n\t\t\t\t\t\t<div class=\"elementor-container elementor-column-gap-default\">\n\t\t\t\t\t<div class=\"elementor-column elementor-col-100 elementor-top-column elementor-element elementor-element-8b939c3\" data-id=\"8b939c3\" data-element_type=\"column\" data-e-type=\"column\">\n\t\t\t<div class=\"elementor-widget-wrap elementor-element-populated\">\n\t\t\t\t\t\t<div class=\"elementor-element elementor-element-0112aef elementor-widget elementor-widget-image\" data-id=\"0112aef\" data-element_type=\"widget\" data-e-type=\"widget\" data-widget_type=\"image.default\">\n\t\t\t\t<div class=\"elementor-widget-container\">\n\t\t\t\t\t\t\t\t\t\t\t\t\t\t\t<img fetchpriority=\"high\" decoding=\"async\" width=\"2871\" height=\"742\" src=\"https:\/\/ipsjmb.com\/wp-content\/uploads\/2024\/10\/PAGINA-WEB-JMB-16.png\" class=\"attachment-full size-full wp-image-529\" alt=\"\" srcset=\"https:\/\/ipsjmb.com\/wp-content\/uploads\/2024\/10\/PAGINA-WEB-JMB-16.png 2871w, https:\/\/ipsjmb.com\/wp-content\/uploads\/2024\/10\/PAGINA-WEB-JMB-16-300x78.png 300w, https:\/\/ipsjmb.com\/wp-content\/uploads\/2024\/10\/PAGINA-WEB-JMB-16-1024x265.png 1024w, https:\/\/ipsjmb.com\/wp-content\/uploads\/2024\/10\/PAGINA-WEB-JMB-16-768x198.png 768w, https:\/\/ipsjmb.com\/wp-content\/uploads\/2024\/10\/PAGINA-WEB-JMB-16-1536x397.png 1536w, https:\/\/ipsjmb.com\/wp-content\/uploads\/2024\/10\/PAGINA-WEB-JMB-16-2048x529.png 2048w\" sizes=\"(max-width: 2871px) 100vw, 2871px\" \/>\t\t\t\t\t\t\t\t\t\t\t\t\t\t\t<\/div>\n\t\t\t\t<\/div>\n\t\t\t\t\t<\/div>\n\t\t<\/div>\n\t\t\t\t\t<\/div>\n\t\t<\/section>\n\t\t\t\t<section class=\"elementor-section elementor-top-section elementor-element elementor-element-e43a856 elementor-section-boxed elementor-section-height-default elementor-section-height-default\" data-id=\"e43a856\" data-element_type=\"section\" data-e-type=\"section\">\n\t\t\t\t\t\t<div class=\"elementor-container elementor-column-gap-default\">\n\t\t\t\t\t<div class=\"elementor-column elementor-col-100 elementor-top-column elementor-element elementor-element-3d0f6c9\" data-id=\"3d0f6c9\" data-element_type=\"column\" data-e-type=\"column\">\n\t\t\t<div class=\"elementor-widget-wrap elementor-element-populated\">\n\t\t\t\t\t\t<div class=\"elementor-element elementor-element-8659c40 elementor-widget elementor-widget-image\" data-id=\"8659c40\" data-element_type=\"widget\" data-e-type=\"widget\" data-widget_type=\"image.default\">\n\t\t\t\t<div class=\"elementor-widget-container\">\n\t\t\t\t\t\t\t\t\t\t\t\t\t\t\t<img decoding=\"async\" width=\"202\" height=\"46\" src=\"https:\/\/ipsjmb.com\/wp-content\/uploads\/2024\/09\/Mision.png\" class=\"attachment-large size-large wp-image-145\" alt=\"\" \/>\t\t\t\t\t\t\t\t\t\t\t\t\t\t\t<\/div>\n\t\t\t\t<\/div>\n\t\t\t\t<div class=\"elementor-element elementor-element-2a97fe6 elementor-widget elementor-widget-text-editor\" data-id=\"2a97fe6\" data-element_type=\"widget\" data-e-type=\"widget\" data-widget_type=\"text-editor.default\">\n\t\t\t\t<div class=\"elementor-widget-container\">\n\t\t\t\t\t\t\t\t\t<p>Proveer soluciones de fabricaci\u00f3n y comercializaci\u00f3n de acero, tanto en el ramo<br \/>industrial, comercial y residencial, con presencial a nivel nacional.<\/p>\t\t\t\t\t\t\t\t<\/div>\n\t\t\t\t<\/div>\n\t\t\t\t<div class=\"elementor-element elementor-element-536158e elementor-widget elementor-widget-image\" data-id=\"536158e\" data-element_type=\"widget\" data-e-type=\"widget\" data-widget_type=\"image.default\">\n\t\t\t\t<div class=\"elementor-widget-container\">\n\t\t\t\t\t\t\t\t\t\t\t\t\t\t\t<img loading=\"lazy\" decoding=\"async\" width=\"215\" height=\"46\" src=\"https:\/\/ipsjmb.com\/wp-content\/uploads\/2024\/09\/Vision.png\" class=\"attachment-large size-large wp-image-146\" alt=\"\" \/>\t\t\t\t\t\t\t\t\t\t\t\t\t\t\t<\/div>\n\t\t\t\t<\/div>\n\t\t\t\t<div class=\"elementor-element elementor-element-e4a867b elementor-widget elementor-widget-text-editor\" data-id=\"e4a867b\" data-element_type=\"widget\" data-e-type=\"widget\" data-widget_type=\"text-editor.default\">\n\t\t\t\t<div class=\"elementor-widget-container\">\n\t\t\t\t\t\t\t\t\t<p>Ser una empresa l\u00edder de clase mundial, ofreciendo la mejor calidad, servicio y precio, logrando el entusiasmo<br \/>y satisfacci\u00f3n de nuestros clientes, posicion\u00e1ndonos como una de las mejores empresas mexicanas en nuestro ramo,<br \/>guiada por el trabajo en equipo y participaci\u00f3n de nuestros colaboradores.<\/p>\t\t\t\t\t\t\t\t<\/div>\n\t\t\t\t<\/div>\n\t\t\t\t<div class=\"elementor-element elementor-element-8b2ab8b elementor-widget elementor-widget-image\" data-id=\"8b2ab8b\" data-element_type=\"widget\" data-e-type=\"widget\" data-widget_type=\"image.default\">\n\t\t\t\t<div class=\"elementor-widget-container\">\n\t\t\t\t\t\t\t\t\t\t\t\t\t\t\t<img loading=\"lazy\" decoding=\"async\" width=\"206\" height=\"61\" src=\"https:\/\/ipsjmb.com\/wp-content\/uploads\/2024\/09\/Valores.png\" class=\"attachment-large size-large wp-image-147\" alt=\"\" \/>\t\t\t\t\t\t\t\t\t\t\t\t\t\t\t<\/div>\n\t\t\t\t<\/div>\n\t\t\t\t<section class=\"elementor-section elementor-inner-section elementor-element elementor-element-8907499 elementor-section-boxed elementor-section-height-default elementor-section-height-default\" data-id=\"8907499\" data-element_type=\"section\" data-e-type=\"section\">\n\t\t\t\t\t\t<div class=\"elementor-container elementor-column-gap-default\">\n\t\t\t\t\t<div class=\"elementor-column elementor-col-50 elementor-inner-column elementor-element elementor-element-8d74953\" data-id=\"8d74953\" data-element_type=\"column\" data-e-type=\"column\">\n\t\t\t<div class=\"elementor-widget-wrap elementor-element-populated\">\n\t\t\t\t\t\t<div class=\"elementor-element elementor-element-e1ca552 elementor-widget elementor-widget-text-editor\" data-id=\"e1ca552\" data-element_type=\"widget\" data-e-type=\"widget\" data-widget_type=\"text-editor.default\">\n\t\t\t\t<div class=\"elementor-widget-container\">\n\t\t\t\t\t\t\t\t\t<p>Responsabilidad.<\/p><p>Puntualidad.<\/p><p>Compromiso.<\/p><p>Trabajo en equipo.<\/p>\t\t\t\t\t\t\t\t<\/div>\n\t\t\t\t<\/div>\n\t\t\t\t\t<\/div>\n\t\t<\/div>\n\t\t\t\t<div class=\"elementor-column elementor-col-50 elementor-inner-column elementor-element elementor-element-8059800\" data-id=\"8059800\" data-element_type=\"column\" data-e-type=\"column\">\n\t\t\t<div class=\"elementor-widget-wrap elementor-element-populated\">\n\t\t\t\t\t\t<div class=\"elementor-element elementor-element-0f0ef71 elementor-widget elementor-widget-text-editor\" data-id=\"0f0ef71\" data-element_type=\"widget\" data-e-type=\"widget\" data-widget_type=\"text-editor.default\">\n\t\t\t\t<div class=\"elementor-widget-container\">\n\t\t\t\t\t\t\t\t\t<p>Honestidad.<\/p><p>Profesionalismo.<\/p><p>Lealtad.<\/p><p>Optimismo.<\/p>\t\t\t\t\t\t\t\t<\/div>\n\t\t\t\t<\/div>\n\t\t\t\t\t<\/div>\n\t\t<\/div>\n\t\t\t\t\t<\/div>\n\t\t<\/section>\n\t\t\t\t\t<\/div>\n\t\t<\/div>\n\t\t\t\t\t<\/div>\n\t\t<\/section>\n\t\t\t\t<\/div>\n\t\t","protected":false},"excerpt":{"rendered":"<p>Proveer soluciones de fabricaci\u00f3n y comercializaci\u00f3n de acero, tanto en el ramoindustrial, comercial y residencial, con presencial a nivel nacional. Ser una empresa l\u00edder de clase mundial, ofreciendo la mejor calidad, servicio y precio, logrando el entusiasmoy satisfacci\u00f3n de nuestros clientes, posicion\u00e1ndonos como una de las mejores empresas mexicanas en nuestro ramo,guiada por el trabajo [&hellip;]<\/p>\n","protected":false},"author":1,"featured_media":0,"parent":0,"menu_order":0,"comment_status":"closed","ping_status":"closed","template":"","meta":{"footnotes":""},"class_list":["post-13","page","type-page","status-publish","hentry"],"_links":{"self":[{"href":"https:\/\/ipsjmb.com\/index.php?rest_route=\/wp\/v2\/pages\/13","targetHints":{"allow":["GET"]}}],"collection":[{"href":"https:\/\/ipsjmb.com\/index.php?rest_route=\/wp\/v2\/pages"}],"about":[{"href":"https:\/\/ipsjmb.com\/index.php?rest_route=\/wp\/v2\/types\/page"}],"author":[{"embeddable":true,"href":"https:\/\/ipsjmb.com\/index.php?rest_route=\/wp\/v2\/users\/1"}],"replies":[{"embeddable":true,"href":"https:\/\/ipsjmb.com\/index.php?rest_route=%2Fwp%2Fv2%2Fcomments&post=13"}],"version-history":[{"count":28,"href":"https:\/\/ipsjmb.com\/index.php?rest_route=\/wp\/v2\/pages\/13\/revisions"}],"predecessor-version":[{"id":532,"href":"https:\/\/ipsjmb.com\/index.php?rest_route=\/wp\/v2\/pages\/13\/revisions\/532"}],"wp:attachment":[{"href":"https:\/\/ipsjmb.com\/index.php?rest_route=%2Fwp%2Fv2%2Fmedia&parent=13"}],"curies":[{"name":"wp","href":"https:\/\/api.w.org\/{rel}","templated":true}]}}